{"id":10367,"date":"2022-05-23T15:58:57","date_gmt":"2022-05-23T12:58:57","guid":{"rendered":"https:\/\/www.coolcenter.fi\/?page_id=10367"},"modified":"2024-01-25T12:56:49","modified_gmt":"2024-01-25T10:56:49","slug":"news","status":"publish","type":"page","link":"https:\/\/www.coolcenter.fi\/en\/news\/","title":{"rendered":"News"},"content":{"rendered":"\t\t<div data-elementor-type=\"wp-page\" data-elementor-id=\"10367\" class=\"elementor elementor-10367 elementor-5924\" data-elementor-post-type=\"page\">\n\t\t\t\t\t\t<section class=\"elementor-section elementor-top-section elementor-element elementor-element-38dbd4a elementor-section-height-min-height elementor-section-boxed elementor-section-height-default elementor-section-items-middle\" data-id=\"38dbd4a\" data-element_type=\"section\" data-settings=\"{&quot;background_background&quot;:&quot;classic&quot;}\">\n\t\t\t\t\t\t\t<div class=\"elementor-background-overlay\"><\/div>\n\t\t\t\t\t\t\t<div class=\"elementor-container elementor-column-gap-default\">\n\t\t\t\t\t<div class=\"elementor-column elementor-col-100 elementor-top-column elementor-element elementor-element-5dcc9d2\" data-id=\"5dcc9d2\" data-element_type=\"column\">\n\t\t\t<div class=\"elementor-widget-wrap elementor-element-populated\">\n\t\t\t\t\t\t<div class=\"elementor-element elementor-element-2463108 elementor-widget elementor-widget-heading\" data-id=\"2463108\" data-element_type=\"widget\" data-widget_type=\"heading.default\">\n\t\t\t\t<div class=\"elementor-widget-container\">\n\t\t\t<h1 class=\"elementor-heading-title elementor-size-default\">News<\/h1>\t\t<\/div>\n\t\t\t\t<\/div>\n\t\t\t\t\t<\/div>\n\t\t<\/div>\n\t\t\t\t\t<\/div>\n\t\t<\/section>\n\t\t\t\t<section class=\"elementor-section elementor-top-section elementor-element elementor-element-a9c9c0a elementor-section-boxed elementor-section-height-default elementor-section-height-default\" data-id=\"a9c9c0a\" data-element_type=\"section\">\n\t\t\t\t\t\t<div class=\"elementor-container elementor-column-gap-default\">\n\t\t\t\t\t<div class=\"elementor-column elementor-col-100 elementor-top-column elementor-element elementor-element-ae43062\" data-id=\"ae43062\" data-element_type=\"column\">\n\t\t\t<div class=\"elementor-widget-wrap elementor-element-populated\">\n\t\t\t\t\t\t<div class=\"elementor-element elementor-element-a6dc266 elementor-grid-3 elementor-grid-tablet-2 elementor-grid-mobile-1 elementor-posts--thumbnail-top elementor-widget elementor-widget-posts\" data-id=\"a6dc266\" data-element_type=\"widget\" data-settings=\"{&quot;classic_columns&quot;:&quot;3&quot;,&quot;classic_columns_tablet&quot;:&quot;2&quot;,&quot;classic_columns_mobile&quot;:&quot;1&quot;,&quot;classic_row_gap&quot;:{&quot;unit&quot;:&quot;px&quot;,&quot;size&quot;:35,&quot;sizes&quot;:[]},&quot;classic_row_gap_tablet&quot;:{&quot;unit&quot;:&quot;px&quot;,&quot;size&quot;:&quot;&quot;,&quot;sizes&quot;:[]},&quot;classic_row_gap_mobile&quot;:{&quot;unit&quot;:&quot;px&quot;,&quot;size&quot;:&quot;&quot;,&quot;sizes&quot;:[]}}\" data-widget_type=\"posts.classic\">\n\t\t\t\t<div class=\"elementor-widget-container\">\n\t\t\t\t\t<div class=\"elementor-posts-container elementor-posts elementor-posts--skin-classic elementor-grid\">\n\t\t\t\t<article class=\"elementor-post elementor-grid-item post-140704 post type-post status-publish format-standard has-post-thumbnail hentry category-uncategorized\">\n\t\t\t\t<a class=\"elementor-post__thumbnail__link\" href=\"https:\/\/www.coolcenter.fi\/en\/2024\/05\/15\/new-coolcollectindoor-amiral-collection-launched-on-the-market\/\" tabindex=\"-1\" >\n\t\t\t<div class=\"elementor-post__thumbnail\"><img fetchpriority=\"high\" decoding=\"async\" width=\"800\" height=\"511\" src=\"https:\/\/www.coolcenter.fi\/wp-content\/uploads\/2024\/05\/CoolCollect\u00aeIndoor-Amiral-mallisto.jpg\" class=\"attachment-large size-large wp-image-140701\" alt=\"CoolCollect\u00aeIndoor Amiral-mallisto\" srcset=\"https:\/\/www.coolcenter.fi\/wp-content\/uploads\/2024\/05\/CoolCollect\u00aeIndoor-Amiral-mallisto.jpg 1000w, https:\/\/www.coolcenter.fi\/wp-content\/uploads\/2024\/05\/CoolCollect\u00aeIndoor-Amiral-mallisto-300x192.jpg 300w, https:\/\/www.coolcenter.fi\/wp-content\/uploads\/2024\/05\/CoolCollect\u00aeIndoor-Amiral-mallisto-768x491.jpg 768w, https:\/\/www.coolcenter.fi\/wp-content\/uploads\/2024\/05\/CoolCollect\u00aeIndoor-Amiral-mallisto-600x383.jpg 600w\" sizes=\"(max-width: 800px) 100vw, 800px\" \/><\/div>\n\t\t<\/a>\n\t\t\t\t<div class=\"elementor-post__text\">\n\t\t\t\t<h3 class=\"elementor-post__title\">\n\t\t\t<a href=\"https:\/\/www.coolcenter.fi\/en\/2024\/05\/15\/new-coolcollectindoor-amiral-collection-launched-on-the-market\/\" >\n\t\t\t\tNew CoolCollect\u00aeIndoor Amiral collection launched on the market\t\t\t<\/a>\n\t\t<\/h3>\n\t\t\t\t<div class=\"elementor-post__meta-data\">\n\t\t\t\t\t<span class=\"elementor-post-date\">\n\t\t\t15.5.2024\t\t<\/span>\n\t\t\t\t<\/div>\n\t\t\t\t<div class=\"elementor-post__excerpt\">\n\t\t\t<p>The new CoolCollect\u00aeIndoor Amiral collection, launched on the market at the beginning of 2024, has been designed based on functionality, serviceability and modern design.<\/p>\n\t\t<\/div>\n\t\t\t\t\t<div class=\"elementor-post__read-more-wrapper\">\n\t\t\n\t\t<a class=\"elementor-post__read-more\" href=\"https:\/\/www.coolcenter.fi\/en\/2024\/05\/15\/new-coolcollectindoor-amiral-collection-launched-on-the-market\/\" aria-label=\"Read more about New CoolCollect\u00aeIndoor Amiral collection launched on the market\" tabindex=\"-1\" >\n\t\t\tRead more&gt;&gt;\t\t<\/a>\n\n\t\t\t\t\t<\/div>\n\t\t\t\t<\/div>\n\t\t\t\t<\/article>\n\t\t\t\t<article class=\"elementor-post elementor-grid-item post-10365 post type-post status-publish format-standard has-post-thumbnail hentry category-yleinen-en tag-individual-cold-storage\">\n\t\t\t\t<a class=\"elementor-post__thumbnail__link\" href=\"https:\/\/www.coolcenter.fi\/en\/2022\/02\/11\/wherever-you-need-individual-cold-storage-coollocker-is-the-solution\/\" tabindex=\"-1\" >\n\t\t\t<div class=\"elementor-post__thumbnail\"><img decoding=\"async\" width=\"422\" height=\"467\" src=\"https:\/\/www.coolcenter.fi\/wp-content\/uploads\/2022\/02\/CoolLocker-6-13.jpg\" class=\"attachment-large size-large wp-image-6801\" alt=\"CoolLocker\" srcset=\"https:\/\/www.coolcenter.fi\/wp-content\/uploads\/2022\/02\/CoolLocker-6-13.jpg 422w, https:\/\/www.coolcenter.fi\/wp-content\/uploads\/2022\/02\/CoolLocker-6-13-271x300.jpg 271w\" sizes=\"(max-width: 422px) 100vw, 422px\" \/><\/div>\n\t\t<\/a>\n\t\t\t\t<div class=\"elementor-post__text\">\n\t\t\t\t<h3 class=\"elementor-post__title\">\n\t\t\t<a href=\"https:\/\/www.coolcenter.fi\/en\/2022\/02\/11\/wherever-you-need-individual-cold-storage-coollocker-is-the-solution\/\" >\n\t\t\t\tWherever you need individual cold storage, CoolLocker is the solution\t\t\t<\/a>\n\t\t<\/h3>\n\t\t\t\t<div class=\"elementor-post__meta-data\">\n\t\t\t\t\t<span class=\"elementor-post-date\">\n\t\t\t11.2.2022\t\t<\/span>\n\t\t\t\t<\/div>\n\t\t\t\t<div class=\"elementor-post__excerpt\">\n\t\t\t<p>On the outside CoolLocker looks like a regular refrigerator, but behind the main door there are several smaller lockable lockers. The size of the lockers<\/p>\n\t\t<\/div>\n\t\t\t\t\t<div class=\"elementor-post__read-more-wrapper\">\n\t\t\n\t\t<a class=\"elementor-post__read-more\" href=\"https:\/\/www.coolcenter.fi\/en\/2022\/02\/11\/wherever-you-need-individual-cold-storage-coollocker-is-the-solution\/\" aria-label=\"Read more about Wherever you need individual cold storage, CoolLocker is the solution\" tabindex=\"-1\" >\n\t\t\tRead more&gt;&gt;\t\t<\/a>\n\n\t\t\t\t\t<\/div>\n\t\t\t\t<\/div>\n\t\t\t\t<\/article>\n\t\t\t\t<article class=\"elementor-post elementor-grid-item post-10361 post type-post status-publish format-standard has-post-thumbnail hentry category-yleinen-en tag-refrigerated-storage-solution\">\n\t\t\t\t<a class=\"elementor-post__thumbnail__link\" href=\"https:\/\/www.coolcenter.fi\/en\/2022\/02\/11\/coolcellar-product-range-has-been-launched-on-the-market\/\" tabindex=\"-1\" >\n\t\t\t<div class=\"elementor-post__thumbnail\"><img decoding=\"async\" width=\"800\" height=\"403\" src=\"https:\/\/www.coolcenter.fi\/wp-content\/uploads\/2022\/11\/CoolCellar-ilman-koneikkoa-1024x516.jpg\" class=\"attachment-large size-large wp-image-12489\" alt=\"\" srcset=\"https:\/\/www.coolcenter.fi\/wp-content\/uploads\/2022\/11\/CoolCellar-ilman-koneikkoa-1024x516.jpg 1024w, https:\/\/www.coolcenter.fi\/wp-content\/uploads\/2022\/11\/CoolCellar-ilman-koneikkoa-600x302.jpg 600w, https:\/\/www.coolcenter.fi\/wp-content\/uploads\/2022\/11\/CoolCellar-ilman-koneikkoa-300x151.jpg 300w, https:\/\/www.coolcenter.fi\/wp-content\/uploads\/2022\/11\/CoolCellar-ilman-koneikkoa-768x387.jpg 768w, https:\/\/www.coolcenter.fi\/wp-content\/uploads\/2022\/11\/CoolCellar-ilman-koneikkoa.jpg 1080w\" sizes=\"(max-width: 800px) 100vw, 800px\" \/><\/div>\n\t\t<\/a>\n\t\t\t\t<div class=\"elementor-post__text\">\n\t\t\t\t<h3 class=\"elementor-post__title\">\n\t\t\t<a href=\"https:\/\/www.coolcenter.fi\/en\/2022\/02\/11\/coolcellar-product-range-has-been-launched-on-the-market\/\" >\n\t\t\t\tCoolCellar product range has been launched on the market\t\t\t<\/a>\n\t\t<\/h3>\n\t\t\t\t<div class=\"elementor-post__meta-data\">\n\t\t\t\t\t<span class=\"elementor-post-date\">\n\t\t\t11.2.2022\t\t<\/span>\n\t\t\t\t<\/div>\n\t\t\t\t<div class=\"elementor-post__excerpt\">\n\t\t\t<p>Coolcenter Forssa Oy has launched a new CoolCellar product range on the market. CoolCellar is totally a new type of refrigerated storage solution for housing<\/p>\n\t\t<\/div>\n\t\t\t\t\t<div class=\"elementor-post__read-more-wrapper\">\n\t\t\n\t\t<a class=\"elementor-post__read-more\" href=\"https:\/\/www.coolcenter.fi\/en\/2022\/02\/11\/coolcellar-product-range-has-been-launched-on-the-market\/\" aria-label=\"Read more about CoolCellar product range has been launched on the market\" tabindex=\"-1\" >\n\t\t\tRead more&gt;&gt;\t\t<\/a>\n\n\t\t\t\t\t<\/div>\n\t\t\t\t<\/div>\n\t\t\t\t<\/article>\n\t\t\t\t<article class=\"elementor-post elementor-grid-item post-10359 post type-post status-publish format-standard has-post-thumbnail hentry category-yleinen-en tag-clickcollect\">\n\t\t\t\t<a class=\"elementor-post__thumbnail__link\" href=\"https:\/\/www.coolcenter.fi\/en\/2022\/02\/11\/coolcollect-outdoor-solution-at-your-service\/\" tabindex=\"-1\" >\n\t\t\t<div class=\"elementor-post__thumbnail\"><img loading=\"lazy\" decoding=\"async\" width=\"768\" height=\"1024\" src=\"https:\/\/www.coolcenter.fi\/wp-content\/uploads\/2022\/02\/CoolCollect-Combi-14D-Vuores-5.jpg\" class=\"attachment-large size-large wp-image-6807\" alt=\"CoolCollect Outdoor solution\" srcset=\"https:\/\/www.coolcenter.fi\/wp-content\/uploads\/2022\/02\/CoolCollect-Combi-14D-Vuores-5.jpg 768w, https:\/\/www.coolcenter.fi\/wp-content\/uploads\/2022\/02\/CoolCollect-Combi-14D-Vuores-5-600x800.jpg 600w, https:\/\/www.coolcenter.fi\/wp-content\/uploads\/2022\/02\/CoolCollect-Combi-14D-Vuores-5-225x300.jpg 225w\" sizes=\"(max-width: 768px) 100vw, 768px\" \/><\/div>\n\t\t<\/a>\n\t\t\t\t<div class=\"elementor-post__text\">\n\t\t\t\t<h3 class=\"elementor-post__title\">\n\t\t\t<a href=\"https:\/\/www.coolcenter.fi\/en\/2022\/02\/11\/coolcollect-outdoor-solution-at-your-service\/\" >\n\t\t\t\tCoolCollect Outdoor solution at your service!\t\t\t<\/a>\n\t\t<\/h3>\n\t\t\t\t<div class=\"elementor-post__meta-data\">\n\t\t\t\t\t<span class=\"elementor-post-date\">\n\t\t\t11.2.2022\t\t<\/span>\n\t\t\t\t<\/div>\n\t\t\t\t<div class=\"elementor-post__excerpt\">\n\t\t\t<p>Retail trade brings Click&amp;Collect automats closer and closer to the consumer to make it easier to pick up groceries.<\/p>\n\t\t<\/div>\n\t\t\t\t\t<div class=\"elementor-post__read-more-wrapper\">\n\t\t\n\t\t<a class=\"elementor-post__read-more\" href=\"https:\/\/www.coolcenter.fi\/en\/2022\/02\/11\/coolcollect-outdoor-solution-at-your-service\/\" aria-label=\"Read more about CoolCollect Outdoor solution at your service!\" tabindex=\"-1\" >\n\t\t\tRead more&gt;&gt;\t\t<\/a>\n\n\t\t\t\t\t<\/div>\n\t\t\t\t<\/div>\n\t\t\t\t<\/article>\n\t\t\t\t<\/div>\n\t\t\n\t\t\t\t<\/div>\n\t\t\t\t<\/div>\n\t\t\t\t\t<\/div>\n\t\t<\/div>\n\t\t\t\t\t<\/div>\n\t\t<\/section>\n\t\t\t\t<\/div>\n\t\t","protected":false},"excerpt":{"rendered":"<p>News<\/p>\n","protected":false},"author":3,"featured_media":0,"parent":0,"menu_order":0,"comment_status":"closed","ping_status":"closed","template":"","meta":{"_acf_changed":false,"footnotes":""},"acf":[],"yoast_head":"<!-- This site is optimized with the Yoast SEO plugin v23.0 - https:\/\/yoast.com\/wordpress\/plugins\/seo\/ -->\n<title>News | CoolCenter Forssa Oy<\/title>\n<meta name=\"description\" content=\"Lue artikkeleitamme, joiden aiheet ovat ajankohtaisia ja sis\u00e4lt\u00e4v\u00e4t tietoa tuotteistamme, niiden ominaisuuksista ja kuvia asennuksista.\" \/>\n<meta name=\"robots\" content=\"index, follow, max-snippet:-1, max-image-preview:large, max-video-preview:-1\" \/>\n<link rel=\"canonical\" href=\"https:\/\/www.coolcenter.fi\/ajankohtaista\/\" \/>\n<meta property=\"og:locale\" content=\"en_US\" \/>\n<meta property=\"og:type\" content=\"article\" \/>\n<meta property=\"og:title\" content=\"News | CoolCenter Forssa Oy\" \/>\n<meta property=\"og:description\" content=\"Lue artikkeleitamme, joiden aiheet ovat ajankohtaisia ja sis\u00e4lt\u00e4v\u00e4t tietoa tuotteistamme, niiden ominaisuuksista ja kuvia asennuksista.\" \/>\n<meta property=\"og:url\" content=\"https:\/\/www.coolcenter.fi\/ajankohtaista\/\" \/>\n<meta property=\"og:site_name\" content=\"CoolCenter Forssa Oy\" \/>\n<meta property=\"article:modified_time\" content=\"2024-01-25T10:56:49+00:00\" \/>\n<meta name=\"twitter:card\" content=\"summary_large_image\" \/>\n<meta name=\"twitter:label1\" content=\"Est. reading time\" \/>\n\t<meta name=\"twitter:data1\" content=\"2 minutes\" \/>\n<script type=\"application\/ld+json\" class=\"yoast-schema-graph\">{\"@context\":\"https:\/\/schema.org\",\"@graph\":[{\"@type\":\"WebPage\",\"@id\":\"https:\/\/www.coolcenter.fi\/ajankohtaista\/\",\"url\":\"https:\/\/www.coolcenter.fi\/ajankohtaista\/\",\"name\":\"News | CoolCenter Forssa Oy\",\"isPartOf\":{\"@id\":\"https:\/\/www.coolcenter.fi\/#website\"},\"datePublished\":\"2022-05-23T12:58:57+00:00\",\"dateModified\":\"2024-01-25T10:56:49+00:00\",\"description\":\"Lue artikkeleitamme, joiden aiheet ovat ajankohtaisia ja sis\u00e4lt\u00e4v\u00e4t tietoa tuotteistamme, niiden ominaisuuksista ja kuvia asennuksista.\",\"breadcrumb\":{\"@id\":\"https:\/\/www.coolcenter.fi\/ajankohtaista\/#breadcrumb\"},\"inLanguage\":\"en-US\",\"potentialAction\":[{\"@type\":\"ReadAction\",\"target\":[\"https:\/\/www.coolcenter.fi\/ajankohtaista\/\"]}]},{\"@type\":\"BreadcrumbList\",\"@id\":\"https:\/\/www.coolcenter.fi\/ajankohtaista\/#breadcrumb\",\"itemListElement\":[{\"@type\":\"ListItem\",\"position\":1,\"name\":\"Etusivu\",\"item\":\"https:\/\/www.coolcenter.fi\/en\/\"},{\"@type\":\"ListItem\",\"position\":2,\"name\":\"News\"}]},{\"@type\":\"WebSite\",\"@id\":\"https:\/\/www.coolcenter.fi\/#website\",\"url\":\"https:\/\/www.coolcenter.fi\/\",\"name\":\"CoolCenter Forssa Oy\",\"description\":\"Suomalainen yhteisty&ouml;kumppanisi korkealaatuisten kylm&auml;laitteiden toteutukselle\",\"publisher\":{\"@id\":\"https:\/\/www.coolcenter.fi\/#organization\"},\"potentialAction\":[{\"@type\":\"SearchAction\",\"target\":{\"@type\":\"EntryPoint\",\"urlTemplate\":\"https:\/\/www.coolcenter.fi\/?s={search_term_string}\"},\"query-input\":\"required name=search_term_string\"}],\"inLanguage\":\"en-US\"},{\"@type\":\"Organization\",\"@id\":\"https:\/\/www.coolcenter.fi\/#organization\",\"name\":\"CoolCenter Forssa Oy\",\"url\":\"https:\/\/www.coolcenter.fi\/\",\"logo\":{\"@type\":\"ImageObject\",\"inLanguage\":\"en-US\",\"@id\":\"https:\/\/www.coolcenter.fi\/#\/schema\/logo\/image\/\",\"url\":\"https:\/\/www.coolcenter.fi\/wp-content\/uploads\/2022\/02\/CoolCenter_ikoni_2rivi_valko.png\",\"contentUrl\":\"https:\/\/www.coolcenter.fi\/wp-content\/uploads\/2022\/02\/CoolCenter_ikoni_2rivi_valko.png\",\"width\":1822,\"height\":650,\"caption\":\"CoolCenter Forssa Oy\"},\"image\":{\"@id\":\"https:\/\/www.coolcenter.fi\/#\/schema\/logo\/image\/\"}}]}<\/script>\n<!-- \/ Yoast SEO plugin. -->","yoast_head_json":{"title":"News | CoolCenter Forssa Oy","description":"Lue artikkeleitamme, joiden aiheet ovat ajankohtaisia ja sis\u00e4lt\u00e4v\u00e4t tietoa tuotteistamme, niiden ominaisuuksista ja kuvia asennuksista.","robots":{"index":"index","follow":"follow","max-snippet":"max-snippet:-1","max-image-preview":"max-image-preview:large","max-video-preview":"max-video-preview:-1"},"canonical":"https:\/\/www.coolcenter.fi\/ajankohtaista\/","og_locale":"en_US","og_type":"article","og_title":"News | CoolCenter Forssa Oy","og_description":"Lue artikkeleitamme, joiden aiheet ovat ajankohtaisia ja sis\u00e4lt\u00e4v\u00e4t tietoa tuotteistamme, niiden ominaisuuksista ja kuvia asennuksista.","og_url":"https:\/\/www.coolcenter.fi\/ajankohtaista\/","og_site_name":"CoolCenter Forssa Oy","article_modified_time":"2024-01-25T10:56:49+00:00","twitter_card":"summary_large_image","twitter_misc":{"Est. reading time":"2 minutes"},"schema":{"@context":"https:\/\/schema.org","@graph":[{"@type":"WebPage","@id":"https:\/\/www.coolcenter.fi\/ajankohtaista\/","url":"https:\/\/www.coolcenter.fi\/ajankohtaista\/","name":"News | CoolCenter Forssa Oy","isPartOf":{"@id":"https:\/\/www.coolcenter.fi\/#website"},"datePublished":"2022-05-23T12:58:57+00:00","dateModified":"2024-01-25T10:56:49+00:00","description":"Lue artikkeleitamme, joiden aiheet ovat ajankohtaisia ja sis\u00e4lt\u00e4v\u00e4t tietoa tuotteistamme, niiden ominaisuuksista ja kuvia asennuksista.","breadcrumb":{"@id":"https:\/\/www.coolcenter.fi\/ajankohtaista\/#breadcrumb"},"inLanguage":"en-US","potentialAction":[{"@type":"ReadAction","target":["https:\/\/www.coolcenter.fi\/ajankohtaista\/"]}]},{"@type":"BreadcrumbList","@id":"https:\/\/www.coolcenter.fi\/ajankohtaista\/#breadcrumb","itemListElement":[{"@type":"ListItem","position":1,"name":"Etusivu","item":"https:\/\/www.coolcenter.fi\/en\/"},{"@type":"ListItem","position":2,"name":"News"}]},{"@type":"WebSite","@id":"https:\/\/www.coolcenter.fi\/#website","url":"https:\/\/www.coolcenter.fi\/","name":"CoolCenter Forssa Oy","description":"Suomalainen yhteisty&ouml;kumppanisi korkealaatuisten kylm&auml;laitteiden toteutukselle","publisher":{"@id":"https:\/\/www.coolcenter.fi\/#organization"},"potentialAction":[{"@type":"SearchAction","target":{"@type":"EntryPoint","urlTemplate":"https:\/\/www.coolcenter.fi\/?s={search_term_string}"},"query-input":"required name=search_term_string"}],"inLanguage":"en-US"},{"@type":"Organization","@id":"https:\/\/www.coolcenter.fi\/#organization","name":"CoolCenter Forssa Oy","url":"https:\/\/www.coolcenter.fi\/","logo":{"@type":"ImageObject","inLanguage":"en-US","@id":"https:\/\/www.coolcenter.fi\/#\/schema\/logo\/image\/","url":"https:\/\/www.coolcenter.fi\/wp-content\/uploads\/2022\/02\/CoolCenter_ikoni_2rivi_valko.png","contentUrl":"https:\/\/www.coolcenter.fi\/wp-content\/uploads\/2022\/02\/CoolCenter_ikoni_2rivi_valko.png","width":1822,"height":650,"caption":"CoolCenter Forssa Oy"},"image":{"@id":"https:\/\/www.coolcenter.fi\/#\/schema\/logo\/image\/"}}]}},"_links":{"self":[{"href":"https:\/\/www.coolcenter.fi\/en\/wp-json\/wp\/v2\/pages\/10367"}],"collection":[{"href":"https:\/\/www.coolcenter.fi\/en\/wp-json\/wp\/v2\/pages"}],"about":[{"href":"https:\/\/www.coolcenter.fi\/en\/wp-json\/wp\/v2\/types\/page"}],"author":[{"embeddable":true,"href":"https:\/\/www.coolcenter.fi\/en\/wp-json\/wp\/v2\/users\/3"}],"replies":[{"embeddable":true,"href":"https:\/\/www.coolcenter.fi\/en\/wp-json\/wp\/v2\/comments?post=10367"}],"version-history":[{"count":3,"href":"https:\/\/www.coolcenter.fi\/en\/wp-json\/wp\/v2\/pages\/10367\/revisions"}],"predecessor-version":[{"id":41876,"href":"https:\/\/www.coolcenter.fi\/en\/wp-json\/wp\/v2\/pages\/10367\/revisions\/41876"}],"wp:attachment":[{"href":"https:\/\/www.coolcenter.fi\/en\/wp-json\/wp\/v2\/media?parent=10367"}],"curies":[{"name":"wp","href":"https:\/\/api.w.org\/{rel}","templated":true}]}}