{"id":96564,"date":"2024-02-15T08:55:52","date_gmt":"2024-02-15T06:55:52","guid":{"rendered":"https:\/\/www.coolcenter.fi\/?post_type=product&#038;p=96564"},"modified":"2025-10-10T09:57:13","modified_gmt":"2025-10-10T06:57:13","slug":"mc130-lv","status":"publish","type":"product","link":"https:\/\/www.coolcenter.fi\/en\/tuote\/mc130-lv\/","title":{"rendered":"MC130 LV"},"content":{"rendered":"<p>L\u00e4\u00e4kkeiden s\u00e4ilytykseen ja varastointiin. P\u00f6yt\u00e4tason alle tai p\u00e4\u00e4lle sijoitettavaksi.<\/p>\n","protected":false},"excerpt":{"rendered":"<p>L\u00e4\u00e4kkeiden s\u00e4ilytykseen ja varastointiin.<\/p>\n","protected":false},"featured_media":96556,"comment_status":"open","ping_status":"closed","template":"","meta":{"_acf_changed":false},"product_cat":[623],"product_tag":[],"acf":[],"yoast_head":"<!-- This site is optimized with the Yoast SEO plugin v23.0 - https:\/\/yoast.com\/wordpress\/plugins\/seo\/ -->\n<title>MC130 LV | CoolCenter Forssa Oy<\/title>\n<meta name=\"robots\" content=\"index, follow, max-snippet:-1, max-image-preview:large, max-video-preview:-1\" \/>\n<link rel=\"canonical\" href=\"https:\/\/www.coolcenter.fi\/tuote\/mc130-lv\/\" \/>\n<meta property=\"og:locale\" content=\"en_US\" \/>\n<meta property=\"og:type\" content=\"article\" \/>\n<meta property=\"og:title\" content=\"MC130 LV | CoolCenter Forssa Oy\" \/>\n<meta property=\"og:description\" content=\"L\u00e4\u00e4kkeiden s\u00e4ilytykseen ja varastointiin.\" \/>\n<meta property=\"og:url\" content=\"https:\/\/www.coolcenter.fi\/tuote\/mc130-lv\/\" \/>\n<meta property=\"og:site_name\" content=\"CoolCenter Forssa Oy\" \/>\n<meta property=\"article:modified_time\" content=\"2025-10-10T06:57:13+00:00\" \/>\n<meta property=\"og:image\" content=\"https:\/\/www.coolcenter.fi\/wp-content\/uploads\/2024\/02\/MC130LV.jpg\" \/>\n\t<meta property=\"og:image:width\" content=\"512\" \/>\n\t<meta property=\"og:image:height\" content=\"651\" \/>\n\t<meta property=\"og:image:type\" content=\"image\/jpeg\" \/>\n<meta name=\"twitter:card\" content=\"summary_large_image\" \/>\n<meta name=\"twitter:label1\" content=\"Est. reading time\" \/>\n\t<meta name=\"twitter:data1\" content=\"1 minute\" \/>\n<script type=\"application\/ld+json\" class=\"yoast-schema-graph\">{\"@context\":\"https:\/\/schema.org\",\"@graph\":[{\"@type\":\"WebPage\",\"@id\":\"https:\/\/www.coolcenter.fi\/tuote\/mc130-lv\/\",\"url\":\"https:\/\/www.coolcenter.fi\/tuote\/mc130-lv\/\",\"name\":\"MC130 LV | CoolCenter Forssa Oy\",\"isPartOf\":{\"@id\":\"https:\/\/www.coolcenter.fi\/#website\"},\"primaryImageOfPage\":{\"@id\":\"https:\/\/www.coolcenter.fi\/tuote\/mc130-lv\/#primaryimage\"},\"image\":{\"@id\":\"https:\/\/www.coolcenter.fi\/tuote\/mc130-lv\/#primaryimage\"},\"thumbnailUrl\":\"https:\/\/www.coolcenter.fi\/wp-content\/uploads\/2024\/02\/MC130LV.jpg\",\"datePublished\":\"2024-02-15T06:55:52+00:00\",\"dateModified\":\"2025-10-10T06:57:13+00:00\",\"breadcrumb\":{\"@id\":\"https:\/\/www.coolcenter.fi\/tuote\/mc130-lv\/#breadcrumb\"},\"inLanguage\":\"en-US\",\"potentialAction\":[{\"@type\":\"ReadAction\",\"target\":[\"https:\/\/www.coolcenter.fi\/tuote\/mc130-lv\/\"]}]},{\"@type\":\"ImageObject\",\"inLanguage\":\"en-US\",\"@id\":\"https:\/\/www.coolcenter.fi\/tuote\/mc130-lv\/#primaryimage\",\"url\":\"https:\/\/www.coolcenter.fi\/wp-content\/uploads\/2024\/02\/MC130LV.jpg\",\"contentUrl\":\"https:\/\/www.coolcenter.fi\/wp-content\/uploads\/2024\/02\/MC130LV.jpg\",\"width\":512,\"height\":651,\"caption\":\"MC130LV_kylm\u00e4kaappi\"},{\"@type\":\"BreadcrumbList\",\"@id\":\"https:\/\/www.coolcenter.fi\/tuote\/mc130-lv\/#breadcrumb\",\"itemListElement\":[{\"@type\":\"ListItem\",\"position\":1,\"name\":\"Etusivu\",\"item\":\"https:\/\/www.coolcenter.fi\/en\/\"},{\"@type\":\"ListItem\",\"position\":2,\"name\":\"Tuotteet\",\"item\":\"https:\/\/www.coolcenter.fi\/kauppa\/\"},{\"@type\":\"ListItem\",\"position\":3,\"name\":\"MC130 LV\"}]},{\"@type\":\"WebSite\",\"@id\":\"https:\/\/www.coolcenter.fi\/#website\",\"url\":\"https:\/\/www.coolcenter.fi\/\",\"name\":\"CoolCenter Forssa Oy\",\"description\":\"Suomalainen yhteisty&ouml;kumppanisi korkealaatuisten kylm&auml;laitteiden toteutukselle\",\"publisher\":{\"@id\":\"https:\/\/www.coolcenter.fi\/#organization\"},\"potentialAction\":[{\"@type\":\"SearchAction\",\"target\":{\"@type\":\"EntryPoint\",\"urlTemplate\":\"https:\/\/www.coolcenter.fi\/?s={search_term_string}\"},\"query-input\":\"required name=search_term_string\"}],\"inLanguage\":\"en-US\"},{\"@type\":\"Organization\",\"@id\":\"https:\/\/www.coolcenter.fi\/#organization\",\"name\":\"CoolCenter Forssa Oy\",\"url\":\"https:\/\/www.coolcenter.fi\/\",\"logo\":{\"@type\":\"ImageObject\",\"inLanguage\":\"en-US\",\"@id\":\"https:\/\/www.coolcenter.fi\/#\/schema\/logo\/image\/\",\"url\":\"https:\/\/www.coolcenter.fi\/wp-content\/uploads\/2022\/02\/CoolCenter_ikoni_2rivi_valko.png\",\"contentUrl\":\"https:\/\/www.coolcenter.fi\/wp-content\/uploads\/2022\/02\/CoolCenter_ikoni_2rivi_valko.png\",\"width\":1822,\"height\":650,\"caption\":\"CoolCenter Forssa Oy\"},\"image\":{\"@id\":\"https:\/\/www.coolcenter.fi\/#\/schema\/logo\/image\/\"}}]}<\/script>\n<!-- \/ Yoast SEO plugin. -->","yoast_head_json":{"title":"MC130 LV | CoolCenter Forssa Oy","robots":{"index":"index","follow":"follow","max-snippet":"max-snippet:-1","max-image-preview":"max-image-preview:large","max-video-preview":"max-video-preview:-1"},"canonical":"https:\/\/www.coolcenter.fi\/tuote\/mc130-lv\/","og_locale":"en_US","og_type":"article","og_title":"MC130 LV | CoolCenter Forssa Oy","og_description":"L\u00e4\u00e4kkeiden s\u00e4ilytykseen ja varastointiin.","og_url":"https:\/\/www.coolcenter.fi\/tuote\/mc130-lv\/","og_site_name":"CoolCenter Forssa Oy","article_modified_time":"2025-10-10T06:57:13+00:00","og_image":[{"width":512,"height":651,"url":"https:\/\/www.coolcenter.fi\/wp-content\/uploads\/2024\/02\/MC130LV.jpg","type":"image\/jpeg"}],"twitter_card":"summary_large_image","twitter_misc":{"Est. reading time":"1 minute"},"schema":{"@context":"https:\/\/schema.org","@graph":[{"@type":"WebPage","@id":"https:\/\/www.coolcenter.fi\/tuote\/mc130-lv\/","url":"https:\/\/www.coolcenter.fi\/tuote\/mc130-lv\/","name":"MC130 LV | CoolCenter Forssa Oy","isPartOf":{"@id":"https:\/\/www.coolcenter.fi\/#website"},"primaryImageOfPage":{"@id":"https:\/\/www.coolcenter.fi\/tuote\/mc130-lv\/#primaryimage"},"image":{"@id":"https:\/\/www.coolcenter.fi\/tuote\/mc130-lv\/#primaryimage"},"thumbnailUrl":"https:\/\/www.coolcenter.fi\/wp-content\/uploads\/2024\/02\/MC130LV.jpg","datePublished":"2024-02-15T06:55:52+00:00","dateModified":"2025-10-10T06:57:13+00:00","breadcrumb":{"@id":"https:\/\/www.coolcenter.fi\/tuote\/mc130-lv\/#breadcrumb"},"inLanguage":"en-US","potentialAction":[{"@type":"ReadAction","target":["https:\/\/www.coolcenter.fi\/tuote\/mc130-lv\/"]}]},{"@type":"ImageObject","inLanguage":"en-US","@id":"https:\/\/www.coolcenter.fi\/tuote\/mc130-lv\/#primaryimage","url":"https:\/\/www.coolcenter.fi\/wp-content\/uploads\/2024\/02\/MC130LV.jpg","contentUrl":"https:\/\/www.coolcenter.fi\/wp-content\/uploads\/2024\/02\/MC130LV.jpg","width":512,"height":651,"caption":"MC130LV_kylm\u00e4kaappi"},{"@type":"BreadcrumbList","@id":"https:\/\/www.coolcenter.fi\/tuote\/mc130-lv\/#breadcrumb","itemListElement":[{"@type":"ListItem","position":1,"name":"Etusivu","item":"https:\/\/www.coolcenter.fi\/en\/"},{"@type":"ListItem","position":2,"name":"Tuotteet","item":"https:\/\/www.coolcenter.fi\/kauppa\/"},{"@type":"ListItem","position":3,"name":"MC130 LV"}]},{"@type":"WebSite","@id":"https:\/\/www.coolcenter.fi\/#website","url":"https:\/\/www.coolcenter.fi\/","name":"CoolCenter Forssa Oy","description":"Suomalainen yhteisty&ouml;kumppanisi korkealaatuisten kylm&auml;laitteiden toteutukselle","publisher":{"@id":"https:\/\/www.coolcenter.fi\/#organization"},"potentialAction":[{"@type":"SearchAction","target":{"@type":"EntryPoint","urlTemplate":"https:\/\/www.coolcenter.fi\/?s={search_term_string}"},"query-input":"required name=search_term_string"}],"inLanguage":"en-US"},{"@type":"Organization","@id":"https:\/\/www.coolcenter.fi\/#organization","name":"CoolCenter Forssa Oy","url":"https:\/\/www.coolcenter.fi\/","logo":{"@type":"ImageObject","inLanguage":"en-US","@id":"https:\/\/www.coolcenter.fi\/#\/schema\/logo\/image\/","url":"https:\/\/www.coolcenter.fi\/wp-content\/uploads\/2022\/02\/CoolCenter_ikoni_2rivi_valko.png","contentUrl":"https:\/\/www.coolcenter.fi\/wp-content\/uploads\/2022\/02\/CoolCenter_ikoni_2rivi_valko.png","width":1822,"height":650,"caption":"CoolCenter Forssa Oy"},"image":{"@id":"https:\/\/www.coolcenter.fi\/#\/schema\/logo\/image\/"}}]}},"_links":{"self":[{"href":"https:\/\/www.coolcenter.fi\/en\/wp-json\/wp\/v2\/product\/96564"}],"collection":[{"href":"https:\/\/www.coolcenter.fi\/en\/wp-json\/wp\/v2\/product"}],"about":[{"href":"https:\/\/www.coolcenter.fi\/en\/wp-json\/wp\/v2\/types\/product"}],"replies":[{"embeddable":true,"href":"https:\/\/www.coolcenter.fi\/en\/wp-json\/wp\/v2\/comments?post=96564"}],"wp:featuredmedia":[{"embeddable":true,"href":"https:\/\/www.coolcenter.fi\/en\/wp-json\/wp\/v2\/media\/96556"}],"wp:attachment":[{"href":"https:\/\/www.coolcenter.fi\/en\/wp-json\/wp\/v2\/media?parent=96564"}],"wp:term":[{"taxonomy":"product_cat","embeddable":true,"href":"https:\/\/www.coolcenter.fi\/en\/wp-json\/wp\/v2\/product_cat?post=96564"},{"taxonomy":"product_tag","embeddable":true,"href":"https:\/\/www.coolcenter.fi\/en\/wp-json\/wp\/v2\/product_tag?post=96564"}],"curies":[{"name":"wp","href":"https:\/\/api.w.org\/{rel}","templated":true}]}}